{"id":13150,"date":"2021-05-22T14:28:19","date_gmt":"2021-05-22T12:28:19","guid":{"rendered":"https:\/\/shopangebot24.de\/?product=alkan-multi-steckschluesseleinsatz-steck-nuss-schraubenschluessel-kombination-fuer-zoll-inch-sae-vierkant-vielzahn-und-torx-schrauben-mit-1-2-zoll-antrieb-cv-stahl-19-tlg"},"modified":"2025-03-26T11:07:11","modified_gmt":"2025-03-26T10:07:11","slug":"alkan-multi-steckschluesseleinsatz-steck-nuss-schraubenschluessel-kombination-fuer-zoll-inch-sae-vierkant-vielzahn-und-torx-schrauben-mit-1-2-zoll-antrieb-cv-stahl-19-tlg","status":"publish","type":"product","link":"https:\/\/shopangebot24.de\/?product=alkan-multi-steckschluesseleinsatz-steck-nuss-schraubenschluessel-kombination-fuer-zoll-inch-sae-vierkant-vielzahn-und-torx-schrauben-mit-1-2-zoll-antrieb-cv-stahl-19-tlg","title":{"rendered":"Alkan Multi Steckschl\u00fcsseleinsatz Steck-Nuss Schraubenschl\u00fcssel Kombination f\u00fcr ZOLL INCH SAE Vierkant Vielzahn und Torx Schrauben mit 1\/2&#8243; Zoll-Antrieb &#8211; CV-Stahl, 19-tlg."},"content":{"rendered":"<p><!-- show up to 2 reviews by default --><\/p>\n<h3>Produktbeschreibungen<\/h3>\n<p><b>Material: <\/b>Chrom-Vanadium-Stahl, matt verchromte Oberfl\u00e4che und Eins\u00e4tze mit R\u00e4ndelung.<\/p>\n<p><b>Bemerkung: <\/b>Die angebrachte R\u00e4ndelung ist ideal an Stelle die Handbet\u00e4tigung ohne Knarre.<\/p>\n<p><b>Profil: MULTITASK*<\/b><\/p>\n<p><b>Antrieb:<\/b> 1\/2&#8243; (12,5 mm)<\/p>\n<p><b>Gesamtl\u00e4nge, 8-24 mm: <\/b>38 mm<\/p>\n<p><b>Gesamtl\u00e4nge, 27 mm: <\/b>42 mm<\/p>\n<p><b>Gesamtl\u00e4nge, 30-32:<\/b> 44 mm<\/p>\n<p><b>Lieferumfang:<\/b><\/p>\n<p><b>19 x MULTITASK-Eins\u00e4tze: <\/b><br \/> 8-9-10-11-12-13-14-15-16-17-18-19-20-21-22-24-27-30-32 mm<\/p>\n<p><b>Einsatzgebiet: <\/b>Industrie, Handwerk und Heimwerker<\/p>\n<p>*Die MULTITASK-Eins\u00e4tze passen auf E-Profil (an Stelle au\u00dfen Torx Schrauben), 6-kant und 12-kant Schrauben in Metrisch- und Abgabe \/ Inch-Steigung.<\/p>\n<p><b>Verpackung:<\/b> Je nach Verf\u00fcgbarkeit wird im blauen oder roten Kunststoffkoffer ausgeliefert.<\/p>\n<p>Aufgebraucht aufgef\u00fchrten Firmen-, Markennamen und Warenzeichen sind Eigentum ihrer jeweiligen Inhaber und dienen solo zur Identifikation und Beschreibung von Produkten und Leistungen.<\/p>\n<h3>Rechtliche Hinweise<\/h3>\n<p>ACHTUNG! Das ist kein Spielzeug. Bitte von Kindern fernhalten. \/ WARNING! This is not a toy. Please keep away from children.<br \/>\nMULTITASK-Steckschl\u00fcssel-Eins\u00e4tze, 1\/2&#8243; Abgabe-Motor<br \/>\nLieferumfang: 19-tlg. MULTITASK-Steckschl\u00fcssel-Eins\u00e4tze mit vierkant 1\/2&#8243; (12.5mm) Motor 8mm-9mm-10mm-11mm-12mm-13mm-14mm-15mm-16mm-17mm-18mm-19mm-20mm-21mm-22mm-24mm-27mm-30mm und 32mm<br \/>\nUmfangreiches Sortiment an Stelle die Anwendung bei g\u00e4ngigen oder speziellen Reparatur- und Instandsetzungsarbeiten von Kraftfahrzeugen und Maschinen.<br \/>\nAufgebraucht stabilem Chrom-Vanadium-Stahl hergestellt: Im Zuge sorgf\u00e4ltige Vollzug und hochwertige Materialien!<br \/>\nHohe Qualit\u00e4t Im Zuge sorgf\u00e4ltige Vollzug &#8211; ist ganz und gar einsetzbar und bestens an Stelle Werkstatt sowie an Stelle den Heim- und Handwerker ad\u00e4quat.<br \/>\n<div class=\"main-cross-sell\" data-asin=\"B0038VS6FO\">\n\n\t<div class=\"WooZone-cross-sell-loader\">\n\t\t<div>\n\t\t\t<div id=\"floatingBarsG\">\n\t\t\t\t<div class=\"blockG\" id=\"rotateG_01\"><\/div>\n\t\t\t\t<div class=\"blockG\" id=\"rotateG_02\"><\/div>\n\t\t\t\t<div class=\"blockG\" id=\"rotateG_03\"><\/div>\n\t\t\t\t<div class=\"blockG\" id=\"rotateG_04\"><\/div>\n\t\t\t\t<div class=\"blockG\" id=\"rotateG_05\"><\/div>\n\t\t\t\t<div class=\"blockG\" id=\"rotateG_06\"><\/div>\n\t\t\t\t<div class=\"blockG\" id=\"rotateG_07\"><\/div>\n\t\t\t\t<div class=\"blockG\" id=\"rotateG_08\"><\/div>\n\t\t\t<\/div>\n\t\t\t<div class=\"WooZone-cross-sell-loader-text\"><\/div>\n\t\t<\/div>\n\t<\/div>\n\n\t\t\n<\/div>\n<div style=\"clear:both;\"><\/div><\/p>\n","protected":false},"excerpt":{"rendered":"<p>MULTITASK-Steckschl\u00fcssel-Eins\u00e4tze, 1\/2&#8243; Zoll-Antrieb<br \/>\nLieferumfang: 19-tlg. MULTITASK-Steckschl\u00fcssel-Eins\u00e4tze mit vierkant 1\/2&#8243; (12.5mm) Antrieb 8mm-9mm-10mm-11mm-12mm-13mm-14mm-15mm-16mm-17mm-18mm-19mm-20mm-21mm-22mm-24mm-27mm-30mm und 32mm<br \/>\nUmfangreiches Sortiment f\u00fcr die Anwendung bei g\u00e4ngigen oder speziellen Reparatur- und Instandsetzungsarbeiten von Kraftfahrzeugen und Maschinen.<\/p>\n","protected":false},"featured_media":13152,"comment_status":"open","ping_status":"closed","template":"","meta":[],"product_brand":[],"product_cat":[5082],"product_tag":[],"class_list":{"0":"post-13150","1":"product","2":"type-product","3":"status-publish","4":"has-post-thumbnail","6":"product_cat-werkzeug-satz","7":"pa_amazon-bestseller-rang-nr-1366135-in-baumarkt-siehe-top-100-in-baumarkt-nr-11825-in-werkzeugakkus","8":"pa_amazon-bestseller-rang-nr-247220-in-baumarkt-siehe-top-100-in-baumarkt-nr-952-in-steckschluesselsaetze-nr-1059-in-steckschluesseleinsaetze","9":"pa_amazon-bestseller-rang-nr-37903-in-baumarkt-siehe-top-100-in-baumarkt-nr-259-in-schraubendreher-sets","10":"pa_artikelnummer-9014","11":"pa_artikelnummer-liukouu3zafggctbs-02","12":"pa_brand-besuchen-sie-den-alkan-store","13":"pa_brand-marke-dgtrhted","14":"pa_durchschnittliche-kundenbewer-47-von-5-sternen-7-sternebewertungen-47-von-5-sternen","15":"pa_hersteller-alkan","16":"pa_herstellerreferenz-9015","17":"pa_im-angebot-von-amazon-de-seit-14-februar-2010","18":"pa_lieferumfang-multitask-steckschluessel-einsaetze-fuer-div-profile-1-2-zoll-antrieb-19-tlg","19":"pa_verwendung-werkstatt-industrie-handwerker-und-heimwerker","21":"first","22":"instock","23":"taxable","24":"shipping-taxable","25":"product-type-external"},"_links":{"self":[{"href":"https:\/\/shopangebot24.de\/index.php?rest_route=\/wp\/v2\/product\/13150","targetHints":{"allow":["GET"]}}],"collection":[{"href":"https:\/\/shopangebot24.de\/index.php?rest_route=\/wp\/v2\/product"}],"about":[{"href":"https:\/\/shopangebot24.de\/index.php?rest_route=\/wp\/v2\/types\/product"}],"replies":[{"embeddable":true,"href":"https:\/\/shopangebot24.de\/index.php?rest_route=%2Fwp%2Fv2%2Fcomments&post=13150"}],"wp:featuredmedia":[{"embeddable":true,"href":"https:\/\/shopangebot24.de\/index.php?rest_route=\/wp\/v2\/media\/13152"}],"wp:attachment":[{"href":"https:\/\/shopangebot24.de\/index.php?rest_route=%2Fwp%2Fv2%2Fmedia&parent=13150"}],"wp:term":[{"taxonomy":"product_brand","embeddable":true,"href":"https:\/\/shopangebot24.de\/index.php?rest_route=%2Fwp%2Fv2%2Fproduct_brand&post=13150"},{"taxonomy":"product_cat","embeddable":true,"href":"https:\/\/shopangebot24.de\/index.php?rest_route=%2Fwp%2Fv2%2Fproduct_cat&post=13150"},{"taxonomy":"product_tag","embeddable":true,"href":"https:\/\/shopangebot24.de\/index.php?rest_route=%2Fwp%2Fv2%2Fproduct_tag&post=13150"}],"curies":[{"name":"wp","href":"https:\/\/api.w.org\/{rel}","templated":true}]}}